{"id":1161,"date":"2020-05-30T02:04:33","date_gmt":"2020-05-30T05:04:33","guid":{"rendered":"https:\/\/fmalicia.com.ar\/?page_id=1161"},"modified":"2025-04-03T10:42:15","modified_gmt":"2025-04-03T13:42:15","slug":"inicio","status":"publish","type":"page","link":"https:\/\/fmalicia.com.ar\/","title":{"rendered":"GUARDIA LOCAL DE PREVENCI\u00d3N Y CONVIVENCIA DE LAS VARILLAS RECUPERA A MENOR EXTRAVIADO."},"content":{"rendered":"\n<p><a><\/a>En la noche de ayer, alrededor de las 21:15 horas, la Guardia Local de Prevenci\u00f3n y Convivencia logr\u00f3 recuperar a un menor, de trece a\u00f1os, que se hab\u00eda extraviado de su hogar horas antes.<\/p>\n\n\n\n<p>La familia del menor se acerc\u00f3 a los agentes mientras patrullaban la ciudad, mostrando preocupaci\u00f3n ya que el joven no llevaba su tel\u00e9fono celular y hac\u00eda varias horas que se ausentaba de su hogar. Los agentes contaron con una foto del menor para ayudar en su identificaci\u00f3n.<\/p>\n\n\n\n<p>Tras un operativo especial de b\u00fasqueda, la Guardia Local localiz\u00f3 al menor en el Parque de la Familia, a solo diez minutos de la alerta inicial.<\/p>\n\n\n\n<p>Inmediatamente, se notific\u00f3 a la familia del menor, quienes se mostraron aliviados y agradecidos por la r\u00e1pida acci\u00f3n de la Guardia Local. El menor fue restituido a su hogar sano y salvo.<\/p>\n\n\n\n<p>La Guardia Local de Prevenci\u00f3n y Convivencia reafirma su compromiso con la seguridad y el bienestar de la comunidad, trabajando incansablemente para garantizar la tranquilidad de los ciudadanos.<\/p>\n\n\n\n<figure class=\"wp-block-image size-full\"><img loading=\"lazy\" decoding=\"async\" width=\"720\" height=\"405\" src=\"https:\/\/fmalicia.com.ar\/wp-content\/uploads\/2025\/04\/489036374_1245543627575904_5091186244321263308_n.jpg\" alt=\"\" class=\"wp-image-29000\" srcset=\"https:\/\/fmalicia.com.ar\/wp-content\/uploads\/2025\/04\/489036374_1245543627575904_5091186244321263308_n.jpg 720w, https:\/\/fmalicia.com.ar\/wp-content\/uploads\/2025\/04\/489036374_1245543627575904_5091186244321263308_n-300x169.jpg 300w\" sizes=\"auto, (max-width: 720px) 100vw, 720px\" \/><\/figure>\n\n\n\n<p>FUENTE RADIO REGIONAL LAS VARILLAS<\/p>\n","protected":false},"excerpt":{"rendered":"<p>En la noche de ayer, alrededor de las 21:15 horas, la Guardia Local de Prevenci\u00f3n y Convivencia logr\u00f3 recuperar a un menor, de trece a\u00f1os, que se hab\u00eda extraviado de&hellip; <\/p>\n","protected":false},"author":1,"featured_media":29000,"parent":0,"menu_order":0,"comment_status":"closed","ping_status":"closed","template":"templates\/front-page-template.php","meta":{"footnotes":""},"class_list":["post-1161","page","type-page","status-publish","has-post-thumbnail","hentry"],"_links":{"self":[{"href":"https:\/\/fmalicia.com.ar\/index.php?rest_route=\/wp\/v2\/pages\/1161","targetHints":{"allow":["GET"]}}],"collection":[{"href":"https:\/\/fmalicia.com.ar\/index.php?rest_route=\/wp\/v2\/pages"}],"about":[{"href":"https:\/\/fmalicia.com.ar\/index.php?rest_route=\/wp\/v2\/types\/page"}],"author":[{"embeddable":true,"href":"https:\/\/fmalicia.com.ar\/index.php?rest_route=\/wp\/v2\/users\/1"}],"replies":[{"embeddable":true,"href":"https:\/\/fmalicia.com.ar\/index.php?rest_route=%2Fwp%2Fv2%2Fcomments&post=1161"}],"version-history":[{"count":5,"href":"https:\/\/fmalicia.com.ar\/index.php?rest_route=\/wp\/v2\/pages\/1161\/revisions"}],"predecessor-version":[{"id":29001,"href":"https:\/\/fmalicia.com.ar\/index.php?rest_route=\/wp\/v2\/pages\/1161\/revisions\/29001"}],"wp:featuredmedia":[{"embeddable":true,"href":"https:\/\/fmalicia.com.ar\/index.php?rest_route=\/wp\/v2\/media\/29000"}],"wp:attachment":[{"href":"https:\/\/fmalicia.com.ar\/index.php?rest_route=%2Fwp%2Fv2%2Fmedia&parent=1161"}],"curies":[{"name":"wp","href":"https:\/\/api.w.org\/{rel}","templated":true}]}}